{"id":121,"date":"2020-02-26T10:27:00","date_gmt":"2020-02-26T10:27:00","guid":{"rendered":"http:\/\/www.autoescuelatres14.com\/?page_id=121"},"modified":"2020-02-26T10:27:00","modified_gmt":"2020-02-26T10:27:00","slug":"aviso-legal","status":"publish","type":"page","link":"http:\/\/autoescuelatres14.com\/?page_id=121","title":{"rendered":"Aviso legal"},"content":{"rendered":"\n<p>En cumplimiento con el deber de informaci\u00f3n recogido en art\u00edculo 10 de la Ley 34\/2002, de 11 de julio, de Servicios de la Sociedad de la Informaci\u00f3n y del Comercio Electr\u00f3nico (LSSICE), el propietario de la web , le informa de lo siguiente:<\/p>\n\n\n\n<ul class=\"wp-block-list\"><li>Denominaci\u00f3n social: Autoescuela Tres 14, C.B<\/li><li>NIF: E98629579<\/li><li>Domicilio: C\/ Maximiliano Thous, 41, Bajo, 46009 &#8211; Valencia (Valencia)<\/li><\/ul>\n\n\n\n<p>Con los l\u00edmites establecidos en la ley, Autoescuela Tres 14, C.B no asume ninguna responsabilidad derivada de la falta de veracidad, integridad, actualizaci\u00f3n y precisi\u00f3n de los datos o informaciones que contienen sus p\u00e1ginas web.<\/p>\n\n\n\n<p>Los contenidos e informaci\u00f3n no vinculan a Autoescuela Tres 14, C.B ni constituyen opiniones, consejos o asesoramiento legal de ning\u00fan tipo pues se trata meramente de un servicio ofrecido con car\u00e1cter informativo y divulgativo.<\/p>\n\n\n\n<p>Las p\u00e1ginas de Internet de Autoescuela Tres 14, C.B pueden contener enlaces (links) a otras p\u00e1ginas de terceras partes que Autoescuela Tres 14, C.B no puede controlar. Por lo tanto, Autoescuela Tres 14, C.B no puede asumir responsabilidades por el contenido que pueda aparecer en p\u00e1ginas de terceros.<\/p>\n\n\n\n<p>Los textos, im\u00e1genes, sonidos, animaciones, software y el resto de contenidos incluidos en este website son propiedad exclusiva de Autoescuela Tres 14, C.B o sus licenciantes. Cualquier acto de transmisi\u00f3n, distribuci\u00f3n, cesi\u00f3n, reproducci\u00f3n, almacenamiento o comunicaci\u00f3n p\u00fablica total o parcial, deber\u00e1 contar con el consentimiento expreso de Autoescuela Tres 14, C.B.<\/p>\n\n\n\n<p>Asimismo, para acceder a algunos de los servicios que Autoescuela Tres 14, C.B ofrece a trav\u00e9s del sitio web, deber\u00e1 proporcionar algunos datos de car\u00e1cter personal. En cumplimiento de lo establecido en el Reglamento (UE) 2016\/679 del Parlamento Europeo y del Consejo, de 27 de abril de 2016, relativo a la protecci\u00f3n de las personas f\u00edsicas en lo que respecta al tratamiento de datos personales y a la libre circulaci\u00f3n de estos datos le informamos que, mediante la cumplimentaci\u00f3n de los presentes formularios, sus datos personales quedar\u00e1n incorporados y ser\u00e1n tratados en los ficheros de Autoescuela Tres 14, C.B con el fin de poderle prestar y ofrecer nuestros servicios as\u00ed como para informarle de las mejoras del sitio Web.<\/p>\n\n\n\n<p>Le informamos tambi\u00e9n de que tendr\u00e1 la posibilidad en todo momento de ejercer los derechos de acceso, rectificaci\u00f3n, cancelaci\u00f3n, oposici\u00f3n, limitaci\u00f3n y portabilidad de sus datos de car\u00e1cter personal, de manera gratuita mediante email a: info@autoescuelatres14.com o en la direcci\u00f3n: C\/ Maximiliano Thous, 41, Bajo, 46009 &#8211; Valencia (Valencia).<\/p>\n\n\n\n<p>REV: 20.0211<\/p>\n","protected":false},"excerpt":{"rendered":"<div class=\"entry-summary\">\nEn cumplimiento con el deber de informaci\u00f3n recogido en art\u00edculo 10 de&hellip;\n<\/div>\n<div class=\"link-more\"><a href=\"http:\/\/autoescuelatres14.com\/?page_id=121\" class=\"more-link\">Seguir leyendo<span class=\"screen-reader-text\"> &ldquo;Aviso legal&rdquo;<\/span>&hellip;<\/a><\/div>\n","protected":false},"author":1,"featured_media":0,"parent":0,"menu_order":0,"comment_status":"closed","ping_status":"closed","template":"","meta":{"footnotes":""},"class_list":["post-121","page","type-page","status-publish","hentry","entry"],"_links":{"self":[{"href":"http:\/\/autoescuelatres14.com\/index.php?rest_route=\/wp\/v2\/pages\/121","targetHints":{"allow":["GET"]}}],"collection":[{"href":"http:\/\/autoescuelatres14.com\/index.php?rest_route=\/wp\/v2\/pages"}],"about":[{"href":"http:\/\/autoescuelatres14.com\/index.php?rest_route=\/wp\/v2\/types\/page"}],"author":[{"embeddable":true,"href":"http:\/\/autoescuelatres14.com\/index.php?rest_route=\/wp\/v2\/users\/1"}],"replies":[{"embeddable":true,"href":"http:\/\/autoescuelatres14.com\/index.php?rest_route=%2Fwp%2Fv2%2Fcomments&post=121"}],"version-history":[{"count":2,"href":"http:\/\/autoescuelatres14.com\/index.php?rest_route=\/wp\/v2\/pages\/121\/revisions"}],"predecessor-version":[{"id":130,"href":"http:\/\/autoescuelatres14.com\/index.php?rest_route=\/wp\/v2\/pages\/121\/revisions\/130"}],"wp:attachment":[{"href":"http:\/\/autoescuelatres14.com\/index.php?rest_route=%2Fwp%2Fv2%2Fmedia&parent=121"}],"curies":[{"name":"wp","href":"https:\/\/api.w.org\/{rel}","templated":true}]}}