{"id":19,"date":"2015-04-27T10:44:47","date_gmt":"2015-04-27T10:44:47","guid":{"rendered":"http:\/\/www.autoescuelatres14.com\/?page_id=19"},"modified":"2015-05-04T18:17:35","modified_gmt":"2015-05-04T18:17:35","slug":"contacto","status":"publish","type":"page","link":"http:\/\/autoescuelatres14.com\/?page_id=19","title":{"rendered":"Qui\u00e9nes somos"},"content":{"rendered":"<p>&nbsp;<\/p>\n<p style=\"text-align: center;\">Llevamos muchos a\u00f1os impartiendo clases de conducci\u00f3n en Valencia. Con una gran dosis de motivaci\u00f3n y paciencia preparamos a nuestros alumnos para sus ex\u00e1menes te\u00f3ricos y pr\u00e1cticos, ayud\u00e1ndoles a familiarizarse con las situaciones habituales en carretera y proporcion\u00e1ndoles un conocimiento real sobre su nuevo d\u00eda a d\u00eda como conductores.<\/p>\n<p style=\"text-align: center;\">En todos los cursos ofrecemos a nuestros alumnos una buena y s\u00f3lida formaci\u00f3n con unas condiciones inmejorables. Nuestra gran experiencia profesional, dinamismo y disposici\u00f3n facilita el aprendizaje y le ayuda en su camino hacia la obtenci\u00f3n del permiso de conducir.<\/p>\n<p style=\"text-align: center;\"><a href=\"http:\/\/www.autoescuelatres14.com\/wp-content\/uploads\/2015\/05\/cache_2438068941.jpg\"><img loading=\"lazy\" decoding=\"async\" class=\"alignnone size-full wp-image-61\" src=\"http:\/\/www.autoescuelatres14.com\/wp-content\/uploads\/2015\/05\/cache_2438068941.jpg\" alt=\"cache_2438068941\" width=\"210\" height=\"150\" \/><\/a><\/p>\n<p style=\"text-align: center;\">Estamos a su disposici\u00f3n para responder a todas las preguntas que tenga durante la preparaci\u00f3n.<\/p>\n<p style=\"text-align: center;\">No tenga prisa ni se sienta presionado porque con nuestra formaci\u00f3n y aprendizaje intensivo no le debe tener miedo a los ex\u00e1menes.<\/p>\n<p style=\"text-align: center;\">Inf\u00f3rmese directamente en nuestra autoescuela o p\u00f3ngase en contacto con nosotros. Estaremos encantados de poder asesorarle.<\/p>\n<p>&nbsp;<\/p>\n","protected":false},"excerpt":{"rendered":"<div class=\"entry-summary\">\n&nbsp; Llevamos muchos a\u00f1os impartiendo clases de conducci\u00f3n en Valencia. Con una&hellip;\n<\/div>\n<div class=\"link-more\"><a href=\"http:\/\/autoescuelatres14.com\/?page_id=19\" class=\"more-link\">Seguir leyendo<span class=\"screen-reader-text\"> &ldquo;Qui\u00e9nes somos&rdquo;<\/span>&hellip;<\/a><\/div>\n","protected":false},"author":1,"featured_media":0,"parent":0,"menu_order":0,"comment_status":"closed","ping_status":"closed","template":"","meta":{"footnotes":""},"class_list":["post-19","page","type-page","status-publish","hentry","entry"],"_links":{"self":[{"href":"http:\/\/autoescuelatres14.com\/index.php?rest_route=\/wp\/v2\/pages\/19","targetHints":{"allow":["GET"]}}],"collection":[{"href":"http:\/\/autoescuelatres14.com\/index.php?rest_route=\/wp\/v2\/pages"}],"about":[{"href":"http:\/\/autoescuelatres14.com\/index.php?rest_route=\/wp\/v2\/types\/page"}],"author":[{"embeddable":true,"href":"http:\/\/autoescuelatres14.com\/index.php?rest_route=\/wp\/v2\/users\/1"}],"replies":[{"embeddable":true,"href":"http:\/\/autoescuelatres14.com\/index.php?rest_route=%2Fwp%2Fv2%2Fcomments&post=19"}],"version-history":[{"count":14,"href":"http:\/\/autoescuelatres14.com\/index.php?rest_route=\/wp\/v2\/pages\/19\/revisions"}],"predecessor-version":[{"id":72,"href":"http:\/\/autoescuelatres14.com\/index.php?rest_route=\/wp\/v2\/pages\/19\/revisions\/72"}],"wp:attachment":[{"href":"http:\/\/autoescuelatres14.com\/index.php?rest_route=%2Fwp%2Fv2%2Fmedia&parent=19"}],"curies":[{"name":"wp","href":"https:\/\/api.w.org\/{rel}","templated":true}]}}